{"id":3170,"date":"2018-05-24T10:38:44","date_gmt":"2018-05-24T08:38:44","guid":{"rendered":"https:\/\/parques-agua.vortex-intl.com\/politica-de-cookies\/"},"modified":"2023-07-21T11:42:18","modified_gmt":"2023-07-21T09:42:18","slug":"politica-de-cookies","status":"publish","type":"page","link":"https:\/\/parques-agua.vortex-intl.com\/it\/politica-de-cookies\/","title":{"rendered":"Politica sui cookie"},"content":{"rendered":"\n<p>Questo sito Web \u00e8 di propriet\u00e0 di <strong>VORTEX ESTRUCTURAS ACU\u00c1TICAS S.L.<\/strong> Il fatto di accedere a questa pagina implica la conoscenza e l&#8217;accettazione dell&#8217;informativa sulla privacy. In conformit\u00e0 con l&#8217;articolo 10 della legge 34\/2002, dell&#8217;11 luglio, sui servizi della societ\u00e0 dell&#8217;informazione e del commercio elettronico (LSSI), i dati identificativi sono esposti.<\/p>\n\n\n\n<h3 class=\"wp-block-heading\">Cosa sono i cookie?<\/h3>\n\n\n\n<p>Un cookie \u00e8 un file che viene scaricato sul tuo computer o terminale quando accedi al nostro sito web. I cookie ci consentono, tra l&#8217;altro, di archiviare e recuperare informazioni sulle abitudini di navigazione di un utente o delle sue apparecchiature e, a seconda delle informazioni che contengono e del modo in cui utilizzi le tue apparecchiature, possono essere utilizzati per riconoscere l&#8217;utente.<\/p>\n\n\n\n<h3 class=\"wp-block-heading\">Quali tipi di cookie utilizza il nostro sito Web?<\/h3>\n\n\n\n<ul class=\"wp-block-list\">\n<li> <span style=\"font-size: revert;\">Cookie propri: sono quelli che inviamo al tuo computer o terminale dal nostro sito web.<\/span> <\/li>\n\n\n\n<li> <span style=\"font-size: revert;\">Cookie di terze parti: sono quelli che vengono inviati al tuo computer o terminale da un dominio o da una pagina Web non gestiti da noi, ma da un&#8217;altra entit\u00e0 che elabora i dati ottenuti tramite i cookie.<\/span> <\/li>\n\n\n\n<li> <span style=\"font-size: revert;\">Cookie di analisi: sono quelli che, ben elaborati da noi o da terze parti, ci consentono di quantificare il numero di utenti ed effettuare la misurazione e l&#8217;analisi statistica dell&#8217;uso fatto dagli utenti del nostro sito web. Per fare ci\u00f2, analizziamo la navigazione sul nostro sito Web al fine di migliorare l&#8217;offerta di prodotti o servizi che offriamo.<\/span> <\/li>\n<\/ul>\n\n\n\n<h3 class=\"wp-block-heading\">I cookie utilizzati in http:\/\/parques-agua.vortex-intl.com\/ sono:<\/h3>\n\n\n\n<p><\/p>\n\n\n\n<p id=\"ch2-catlbl-necessary\">Alcuni <strong>cookie sono essenziali<\/strong> per fornire funzionalit\u00e0 di base. Questo sito web non sar\u00e0 in grado di funzionare correttamente senza che questi cookie siano abilitati. Questi cookie sono abilitati per impostazione predefinita e non possono essere disabilitati.<\/p>\n\n\n\n<figure class=\"wp-block-table\"><table><thead><tr><th>nome<\/th><th>nome della squadra<\/th><th>itinerario<\/th><th>scadenza<\/th><th><\/th><\/tr><\/thead><tbody><tr><td>msd365mkttr<\/td><td>parques-agua.vortex-intl.com<\/td><td>\/<\/td><td>730 d\u00edas<\/td><td><\/td><\/tr><tr><td colspan=\"5\">Questo cookie viene inserito da Microsoft Dynamics 365. Registra un ID per identificare in modo univoco i dati inseriti dall&#8217;utente tramite il modulo specifico in Microsoft Dynamics 365.<\/td><\/tr><tr><td>msd365mkttrs<\/td><td>parques-agua.vortex-intl.com<\/td><td>\/<\/td><td>Sesi\u00f3n<\/td><td><\/td><\/tr><tr><td colspan=\"5\">Questo cookie viene inserito da Microsoft Dynamics 365. Consente l&#8217;utilizzo di un modulo specifico che invia i dati compilati dall&#8217;utente a Microsoft Dynamics 365.<\/td><\/tr><tr><td>YSC<\/td><td>.youtube.com<\/td><td>\/<\/td><td>Sesi\u00f3n<\/td><td>Tercero<\/td><\/tr><tr><td colspan=\"5\">YouTube utilizza &#8220;YSC&#8221; per ricordare l&#8217;input dell&#8217;utente e associare le azioni di un utente. Questo cookie dura finch\u00e9 l&#8217;utente mantiene aperto il browser.<\/td><\/tr><tr><td>cookiehub<\/td><td>.parques-agua.vortex-intl.com<\/td><td>\/<\/td><td>365 d\u00edas<\/td><td><\/td><\/tr><tr><td colspan=\"5\">Utilizzato da CookieHub per memorizzare informazioni sul fatto che i visitatori abbiano concesso o rifiutato l&#8217;uso delle categorie di cookie utilizzate sul sito.<\/td><\/tr><\/tbody><\/table><\/figure>\n\n\n\n<p id=\"ch2-catlbl-preferences\">I <strong>cookie di preferenza<\/strong> consentono al sito Web di memorizzare informazioni per personalizzare l&#8217;aspetto e il comportamento del sito Web per ciascun utente. Ci\u00f2 pu\u00f2 includere informazioni come il tipo di valuta, regione, lingua, tavolozza dei colori e altre preferenze che ciascun utente ha selezionato per il sito web.<\/p>\n\n\n\n<figure class=\"wp-block-table\"><table><thead><tr><th>nome<\/th><th>nome della squadra<\/th><th>itinerario<\/th><th>scadenza<\/th><th><\/th><\/tr><\/thead><tbody><tr><td>VISITOR_INFO1_LIVE<\/td><td>.youtube.com<\/td><td>\/<\/td><td>180 d\u00edas<\/td><td>Tercero<\/td><\/tr><tr><td colspan=\"5\">Questo periodo mostra il periodo di tempo in cui un servizio pu\u00f2 memorizzare e\/o leggere determinati dati dal tuo computer attraverso l&#8217;uso di cookie, pixel, API, tracciamento senza cookie o altre risorse.<\/td><\/tr><tr><td>wp-wpml_current_language<\/td><td>parques-agua.vortex-intl.com<\/td><td>\/<\/td><td>Sesi\u00f3n<\/td><td><\/td><\/tr><tr><td colspan=\"5\">Questo cookie \u00e8 impostato da WPML e memorizza le impostazioni correnti della lingua.<\/td><\/tr><\/tbody><\/table><\/figure>\n\n\n\n<p id=\"ch2-catlbl-analytics\"><\/p>\n\n\n\n<p id=\"ch2-catdesc-analytics\">I <strong>cookie analitici<\/strong> ci aiutano a migliorare il nostro sito Web raccogliendo e segnalando informazioni sul suo utilizzo.<\/p>\n\n\n\n<figure class=\"wp-block-table\"><table><thead><tr><th>nome<\/th><th>nome della squadra<\/th><th>itinerario<\/th><th>scadenza<\/th><th><\/th><\/tr><\/thead><tbody><tr><td>_ga<\/td><td>.parques-agua.vortex-intl.com<\/td><td>\/<\/td><td>730 d\u00edas<\/td><td><\/td><\/tr><tr><td colspan=\"5\">Questo cookie \u00e8 installato da Google Analytics. Si tratta di un cookie di analisi di Google Analytics che viene utilizzato per memorizzare il codice identificativo dell&#8217;utente.<\/td><\/tr><tr><td>_gid<\/td><td>.parques-agua.vortex-intl.com<\/td><td>\/<\/td><td>1 d\u00eda<\/td><td><\/td><\/tr><tr><td colspan=\"5\">Contiene un identificatore univoco utilizzato da Google Analytics per determinare che due hit distinti appartengono allo stesso utente durante le sessioni di navigazione.<\/td><\/tr><tr><td>_gat_*<\/td><td>.parques-agua.vortex-intl.com<\/td><td>\/<\/td><td>1 hora<\/td><td><\/td><\/tr><tr><td colspan=\"5\">Utilizzato da Google Analytics per limitare il tasso di richiesta (limitare la raccolta di dati su siti ad alto traffico)<\/td><\/tr><tr><td>_ga_*<\/td><td>.vortex-intl.com<\/td><td>\/<\/td><td>730 d\u00edas<\/td><td>Tercero<\/td><\/tr><tr><td colspan=\"5\">Contiene un identificatore univoco utilizzato da Google Analytics4 per determinare che due hit distinti appartengono allo stesso utente durante le sessioni di navigazione.<\/td><\/tr><tr><td>_ga<\/td><td>.vortex-intl.com<\/td><td>\/<\/td><td>730 d\u00edas<\/td><td>Tercero<\/td><\/tr><tr><td colspan=\"5\">Questo cookie \u00e8 installato da Google Analytics. Si tratta di un cookie di analisi di Google Analytics che viene utilizzato per memorizzare il codice identificativo dell&#8217;utente.<\/td><\/tr><\/tbody><\/table><\/figure>\n\n\n\n<p id=\"ch2-catlbl-marketing\">I <strong>cookie di marketing<\/strong> vengono utilizzati per tracciare i visitatori su diversi siti web. Ci\u00f2 consente ai fornitori di annunci di mostrare pubblicit\u00e0 pertinente e interessante a ciascun utente del nostro sito web.<\/p>\n\n\n\n<figure class=\"wp-block-table\"><table><thead><tr><th>nome<\/th><th>nome della squadra<\/th><th>itinerario<\/th><th>scadenza<\/th><th><\/th><\/tr><\/thead><tbody><tr><td>_gcl_au<\/td><td>.vortex-intl.com<\/td><td>\/<\/td><td>90 d\u00edas<\/td><td>Tercero<\/td><\/tr><tr><td colspan=\"5\">Utilizzato da Google AdSense per comprendere l&#8217;interazione dell&#8217;utente con il sito Web generando dati analitici.<\/td><\/tr><tr><td>test_cookie<\/td><td>.doubleclick.net<\/td><td>\/<\/td><td>1 hora<\/td><td>Tercero<\/td><\/tr><tr><td colspan=\"5\">Utilizzato per verificare se il browser dell&#8217;utente supporta i cookie<\/td><\/tr><tr><td>IDE<\/td><td>.doubleclick.net<\/td><td>\/<\/td><td>390 d\u00edas<\/td><td>Tercero<\/td><\/tr><tr><td colspan=\"5\">Utilizzato da DoubleClick di Google per pubblicare annunci pubblicitari mirati pertinenti per gli utenti sul Web. Gli annunci pubblicitari mirati possono essere visualizzati dagli utenti in base alle precedenti visite a un sito web. Questi cookie misurano il tasso di conversione degli annunci presentati all&#8217;utente.<\/td><\/tr><\/tbody><\/table><\/figure>\n\n\n\n<p>In base all&#8217;opzione che fai riguardo all&#8217;uso dei cookie su questo sito web, ti verr\u00e0 inviato un <strong>cookie aggiuntivo<\/strong> per salvaguardare la tua scelta e in modo che tu non debba accettare l&#8217;uso dei cookie ogni volta che accedi al nostro sito web. Lo scopo di questo elenco di cookie \u00e8 di aiutarti a riconoscere i cookie memorizzati nel tuo browser quando visiti il \u200b\u200bnostro sito Web o quando visualizzi i nostri annunci pubblicitari su altri siti. Abbiamo cercato di includere tutti i cookie utilizzati da noi e dai nostri partner tecnologici, ma tieni presente che a volte l&#8217;aggiornamento dell&#8217;elenco pu\u00f2 richiedere del tempo. Se noti delle discrepanze o ritieni che manchi un cookie, non esitare a comunicarcelo.<\/p>\n\n\n\n<p><style> .table td {&amp;amp;lt;br \/&gt; font-size: 11px;&amp;amp;lt;br \/&gt; }&amp;amp;lt;br \/&gt; <\/style><\/p>\n\n\n\n<h3 class=\"wp-block-heading\">\u00c8 sicuro abilitare i cookie? \u2013 Informazioni aggiuntive<\/h3>\n\n\n\n<p>S\u00ec. Tieni presente che i cookie non possono danneggiare la tua attrezzatura. I cookie sono solo stringhe di dati di piccole dimensioni che da sole non possono eseguire alcuna operazione. Come garanzia complementare a quelle sopra descritte, la registrazione dei cookie pu\u00f2 essere subordinata all&#8217;accettazione durante l&#8217;installazione o l&#8217;aggiornamento del browser utilizzato e tale accettazione pu\u00f2 essere revocata in qualsiasi momento attraverso le opzioni di configurazione dei contenuti e della privacy disponibili. Se desideri ottenere informazioni generali sui cookie e su come gestirli, accedi alla guida sui cookie preparata da Adigital, Autocontrol e IAB insieme all&#8217;<a href=\"http:\/\/www.agpd.es\/portalwebAGPD\/canaldocumentacion\/publicaciones\/common\/Guias\/Guia_Cookies.pdf\" target=\"_blank\" rel=\"noopener\">Agenzia spagnola per la protezione dei dati<\/a><\/p>\n\n\n\n<p>Si prega di notare che non siamo responsabili per il contenuto di siti Web esterni.<\/p>\n\n\n\n<p>Ti informiamo che in caso di blocco o non accettazione dell&#8217;installazione dei cookie, \u00e8 possibile che alcuni servizi\/contenuti non siano disponibili senza l&#8217;uso dei cookie o che tu non sia in grado di sfruttare appieno tutto ci\u00f2 che questo sito offre Voi.<\/p>\n\n\n\n<h3 class=\"wp-block-heading\">Gestione dei cookie &#8211; come disabilitarli?<\/h3>\n\n\n\n<p>Tutti i browser consentono di apportare modifiche che consentono di disabilitare la configurazione dei cookie. Queste impostazioni si trovano nel menu &#8220;opzioni&#8221; o &#8220;preferenze&#8221; del tuo browser. Di seguito puoi trovare i link per ciascun browser per disabilitare i cookie seguendo le istruzioni:<\/p>\n\n\n\n<ul class=\"wp-block-list\">\n<li><a href=\"http:\/\/support.microsoft.com\/kb\/196955\" target=\"_blank\" rel=\"noopener\">Internet Explorer<\/a><\/li>\n\n\n\n<li><a href=\"https:\/\/support.mozilla.org\/es\/kb\/habilitar-y-deshabilitar-cookies-sitios-web-rastrear-preferencias\" target=\"_blank\" rel=\"noopener\">Mozilla Firefox<\/a><\/li>\n\n\n\n<li><a href=\"https:\/\/support.google.com\/chrome\/answer\/95647?hl=es\" target=\"_blank\" rel=\"noopener\">Google Chrome<\/a><\/li>\n\n\n\n<li><a href=\"http:\/\/support.apple.com\/kb\/ph5042\" target=\"_blank\" rel=\"noopener\">Safari<\/a><\/li>\n\n\n\n<li><a href=\"http:\/\/help.opera.com\/Windows\/12.00\/esES\/cookies.html\" target=\"_blank\" rel=\"noopener\">Opera<\/a><\/li>\n<\/ul>\n\n\n\n<p>Si ricorda che alcune caratteristiche e la piena funzionalit\u00e0 del Sito potrebbero non essere disponibili dopo la disabilitazione dei cookie.<\/p>\n\n\n\n<p>Se desideri non essere tracciato dai cookie, Google ha sviluppato un plugin da installare nel tuo browser a cui puoi accedere al seguente link: <a href=\"http:\/\/goo.gl\/up4ND\" target=\"_blank\" rel=\"noopener\">http:\/\/goo.gl\/up4ND<\/a>.<\/p>\n\n\n\n<h4 class=\"wp-block-heading\">Cookie sui dispositivi mobili:<\/h4>\n\n\n\n<p>Il Sito utilizza anche cookie o altri dispositivi di memorizzazione su dispositivi mobili. In questo caso, come nei browser dei computer, i browser dei dispositivi mobili consentono di configurare le opzioni o le impostazioni sulla privacy per disattivare o eliminare i cookie.<\/p>\n\n\n\n<p>Se desideri modificare le tue opzioni sulla privacy, segui le istruzioni specificate dallo sviluppatore del browser del tuo dispositivo mobile.<\/p>\n\n\n\n<p>Inoltre, qui troverai alcuni esempi di link che ti guideranno a modificare le opzioni di privacy sul tuo dispositivo mobile:<\/p>\n\n\n\n<ul class=\"wp-block-list\">\n<li><a href=\"http:\/\/goo.gl\/61xevS\" target=\"_blank\" rel=\"noopener\"> IOS <\/a><\/li>\n\n\n\n<li><a href=\"https:\/\/goo.gl\/tKyb0y\" target=\"_blank\" rel=\"noopener\"> Windows Phone <\/a><\/li>\n\n\n\n<li><a href=\"http:\/\/goo.gl\/XJp7N\" target=\"_blank\" rel=\"noopener\"> Chrome Mobile <\/a><\/li>\n\n\n\n<li><a href=\"http:\/\/goo.gl\/Nzr8s7\" target=\"_blank\" rel=\"noopener\"> Opera Mobile<\/a><\/li>\n<\/ul>\n\n\n\n<p><a name=\"_GoBack\"><\/a>In base all&#8217;opzione che fai riguardo all&#8217;uso dei cookie su questo sito web, ti verr\u00e0 inviato un cookie aggiuntivo per salvaguardare la tua scelta e in modo che tu non debba accettare l&#8217;uso dei cookie ogni volta che accedi al nostro sito web. Lo scopo di questo elenco di cookie \u00e8 di aiutarti a riconoscere i cookie memorizzati nel tuo browser quando visiti il \u200b\u200bnostro sito Web o quando visualizzi i nostri annunci pubblicitari su altri siti. Abbiamo cercato di includere tutti i cookie utilizzati da noi e dai nostri partner tecnologici, ma tieni presente che a volte l&#8217;aggiornamento dell&#8217;elenco pu\u00f2 richiedere del tempo. Se noti delle discrepanze o ritieni che manchi un cookie, non esitare a comunicarcelo.<\/p>\n\n\n\n<p><\/p>\n","protected":false},"excerpt":{"rendered":"<p>Questo sito Web \u00e8 di propriet\u00e0 di VORTEX ESTRUCTURAS ACU\u00c1TICAS S.L. Il fatto di accedere a questa pagina implica la conoscenza e l&#8217;accettazione dell&#8217;informativa sulla privacy. In conformit\u00e0 con l&#8217;articolo 10 della [&#8230;]<\/p>\n<p><a class=\"btn btn-secondary understrap-read-more-link\" href=\"https:\/\/parques-agua.vortex-intl.com\/it\/politica-de-cookies\/\">Leggi di pi\u00f9&#8230;<span class=\"screen-reader-text\"> from Politica sui cookie<\/span><\/a><\/p>\n","protected":false},"author":2,"featured_media":0,"parent":0,"menu_order":0,"comment_status":"closed","ping_status":"closed","template":"","meta":{"inline_featured_image":false,"footnotes":""},"class_list":["post-3170","page","type-page","status-publish","hentry"],"_links":{"self":[{"href":"https:\/\/parques-agua.vortex-intl.com\/it\/wp-json\/wp\/v2\/pages\/3170","targetHints":{"allow":["GET"]}}],"collection":[{"href":"https:\/\/parques-agua.vortex-intl.com\/it\/wp-json\/wp\/v2\/pages"}],"about":[{"href":"https:\/\/parques-agua.vortex-intl.com\/it\/wp-json\/wp\/v2\/types\/page"}],"author":[{"embeddable":true,"href":"https:\/\/parques-agua.vortex-intl.com\/it\/wp-json\/wp\/v2\/users\/2"}],"replies":[{"embeddable":true,"href":"https:\/\/parques-agua.vortex-intl.com\/it\/wp-json\/wp\/v2\/comments?post=3170"}],"version-history":[{"count":7,"href":"https:\/\/parques-agua.vortex-intl.com\/it\/wp-json\/wp\/v2\/pages\/3170\/revisions"}],"predecessor-version":[{"id":4206,"href":"https:\/\/parques-agua.vortex-intl.com\/it\/wp-json\/wp\/v2\/pages\/3170\/revisions\/4206"}],"wp:attachment":[{"href":"https:\/\/parques-agua.vortex-intl.com\/it\/wp-json\/wp\/v2\/media?parent=3170"}],"curies":[{"name":"wp","href":"https:\/\/api.w.org\/{rel}","templated":true}]}}