{"id":3187,"date":"2017-03-14T15:46:01","date_gmt":"2017-03-14T14:46:01","guid":{"rendered":"https:\/\/parques-agua.vortex-intl.com\/tienes-un-proyecto\/"},"modified":"2023-04-26T15:09:12","modified_gmt":"2023-04-26T13:09:12","slug":"avete-un-progetto","status":"publish","type":"page","link":"https:\/\/parques-agua.vortex-intl.com\/it\/avete-un-progetto\/","title":{"rendered":"Avete un progetto?"},"content":{"rendered":"<div class=\"content-project\">\n<div class=\"row\">\n<div class=\"col-md-6\">\n<h1 class=\"title-projects\">Avete un progetto in mente e state pensando di includere un parco acquatico o una fontana con giochi d\u2019acqua?<\/h1>\n<p class=\"lead\">Noi di VORTEX abbiamo la soluzione e l&#8217;esperienza di cui avete bisogno.<\/p>\n<ul class=\"yellow-bullet\">\n<li><strong>Nuovo concetto<\/strong> di parco acquatico in piano.<\/li>\n<li><strong>Adattabile a qualsiasi ambiente<\/strong>, spazio o installazione.<\/li>\n<li><strong>Oltre 8.000 installazioni<\/strong> in tutto il mondo, sia pubbliche che private.<\/li>\n<\/ul>\n<\/div>\n<div class=\"col-md-6 align-self-center\"><img decoding=\"async\" class=\"img-shadow img-fluid img-projects\" src=\"https:\/\/parques-agua.vortex-intl.com\/wp-content\/uploads\/2021\/10\/proyectos-vortex.png\" alt=\"parco acquatico o una fontana con giochi d\u2019acqua\"><\/div>\n<\/div>\n<\/div>\n\n\n<div style=\"height:52px\" aria-hidden=\"true\" class=\"wp-block-spacer\"><\/div>\n\n\n<div class=\"row-projects-highlights\">\n<div class=\"item-project\"><img decoding=\"async\" class=\"item-project--icon\" src=\"https:\/\/parques-agua.vortex-intl.com\/wp-content\/uploads\/2021\/10\/arrow-right-primary-1.svg\" alt=\"freccia\"><p><\/p>\n<h3>Oltre 250 giochi d&#8217;acqua diversi<\/h3>\n<p>Si possono realizzare infinite combinazioni per adattare il parco a qualsiasi budget, spazio e obiettivo.<\/p>\n<\/div>\n<div class=\"item-project\"><img decoding=\"async\" class=\"item-project--icon\" src=\"https:\/\/parques-agua.vortex-intl.com\/wp-content\/uploads\/2021\/10\/arrow-right-primary-1.svg\" alt=\"freccia\"><p><\/p>\n<h3>Inclusivit\u00e0<\/h3>\n<p>Giochi accessibili a tutti, indipendentemente dalle loro capacit\u00e0. Il design inclusivo favorisce lo sviluppo fisico, funzionale e sociale dei bambini.<\/p>\n<\/div>\n<div class=\"item-project\"><img decoding=\"async\" class=\"item-project--icon\" src=\"https:\/\/parques-agua.vortex-intl.com\/wp-content\/uploads\/2021\/10\/arrow-right-primary-1.svg\" alt=\"freccia\"><p><\/p>\n<h3>Sostenibilit\u00e0<\/h3>\n<p>Prodotti costruiti con materiali durevoli e sistemi di gestione avanzati per ridurre il consumo di acqua ed elettricit\u00e0.<\/p>\n<\/div>\n<div class=\"item-project\"><img decoding=\"async\" class=\"item-project--icon\" src=\"https:\/\/parques-agua.vortex-intl.com\/wp-content\/uploads\/2021\/10\/arrow-right-primary-1.svg\" alt=\"freccia\"><p><\/p>\n<h3>Sicurezza<\/h3>\n<p>Realizzati in acciaio inossidabile, i nostri prodotti adottano soluzioni innovative, sviluppate per essere certi che tutti possano giocare in sicurezza.<\/p>\n<\/div>\n<div class=\"item-project\"><img decoding=\"async\" class=\"item-project--icon\" src=\"https:\/\/parques-agua.vortex-intl.com\/wp-content\/uploads\/2021\/10\/arrow-right-primary-1.svg\" alt=\"freccia\"><p><\/p>\n<h3>Logistica e servizi tecnici garantiti<\/h3>\n<p>Possiamo contare su ampie strutture a Valencia e sulle risorse tecniche e umane necessarie per consigliare, supportare e sviluppare i progetti con la massima efficienza.<\/p>\n<\/div>\n<\/div>\n\n\n<div style=\"height:82px\" aria-hidden=\"true\" class=\"wp-block-spacer\"><\/div>\n\n\n\n<h3 class=\"wp-block-heading\">I nostri prodotti<\/h3>\n\n\n\n<div style=\"height:32px\" aria-hidden=\"true\" class=\"wp-block-spacer\"><\/div>\n\n\n<div class=\"row justify-content-center\">\n<div class=\"col-md-4 mb-6\">\n<div class=\"card-product\">\n<div class=\"card-image\"><img decoding=\"async\" class=\"img-fluid\" src=\"https:\/\/parques-agua.vortex-intl.com\/wp-content\/uploads\/2021\/10\/product-splashpad.jpg\" alt=\"Splashpad\" \/><\/div>\n<div class=\"card-text\">\n<h3>Splashpad\u00ae<\/h3>\n<p>Combina le sensazioni dei diversi movimenti dell&#8217;acqua in natura, che scorre, schizza e si rovescia.<\/p>\n<p>\u00a0<\/p>\n<\/div>\n<\/div>\n<\/div>\n<div class=\"col-md-4 mb-6\">\n<div class=\"card-product\">\n<div class=\"card-image\"><img decoding=\"async\" class=\"img-fluid\" src=\"https:\/\/parques-agua.vortex-intl.com\/wp-content\/uploads\/2021\/10\/product-waterslides.jpg\" alt=\"Waterslides\" \/><\/div>\n<div class=\"card-text\">\n<h3>Waterslides<\/h3>\n<p>Ispirato ai corsi d&#8217;acqua naturali, \u00e8 costituito da un insieme di quattro aree che offrono diverse esperienze di gioco. Pu\u00f2 presentarsi come modulo singolo o come pi\u00f9 moduli collegati tra loro.<\/p>\n<p>\u00a0<\/p>\n<\/div>\n<\/div>\n<\/div>\n<div class=\"col-md-4 mb-6\">\n<div class=\"card-product\">\n<div class=\"card-image\"><img decoding=\"async\" class=\"img-fluid\" src=\"https:\/\/parques-agua.vortex-intl.com\/wp-content\/uploads\/2021\/10\/product-elevations.jpg\" alt=\"Elevations\" \/><\/div>\n<div class=\"card-text\">\n<h3>Elevations\u2122 e PlayNuk\u2122<\/h3>\n<p>Rendete la vostra piscina o il vostro fiume lento pi\u00f9 accattivanti creando un ambiente divertente e adatto per tutte le et\u00e0.<\/p>\n<p>\u00a0<\/p>\n<\/div>\n<\/div>\n<\/div>\n<div class=\"col-md-4 mb-6\">\n<div class=\"card-product\">\n<div class=\"card-image\"><img decoding=\"async\" class=\"img-fluid\" src=\"https:\/\/parques-agua.vortex-intl.com\/wp-content\/uploads\/2021\/10\/product-fuentes-ludicas.jpg\" alt=\"Fontane con giochi d\u2019acqua\" \/><\/div>\n<div class=\"card-text\">\n<h3>Fontane con giochi d\u2019acqua<\/h3>\n<p>Fontane con un tocco innovativo, che si trasformano in esperienze di gioco coinvolgenti, multisensoriali e interattive giorno e notte.<\/p>\n<p>\u00a0<\/p>\n<\/div>\n<\/div>\n<\/div>\n<div class=\"col-md-4 mb-6\">\n<div class=\"card-product\">\n<div class=\"card-image\"><img decoding=\"async\" class=\"img-fluid\" src=\"https:\/\/parques-agua.vortex-intl.com\/wp-content\/uploads\/2021\/10\/product-sistemas-gestion-agua.jpg\" alt=\"Sistemi di gestione dell'acqua\" \/><\/div>\n<div class=\"card-text\">\n<h3>Sistemi di gestione dell&#8217;acqua<\/h3>\n<p>Un sistema che monitora il consumo e la qualit\u00e0 dell&#8217;acqua e garantisce che ogni gioco sia sicuro, efficiente e sostenibile.<\/p>\n<p>\u00a0<\/p>\n<\/div>\n<\/div>\n<\/div>\n<\/div>","protected":false},"excerpt":{"rendered":"<p>Avete un progetto in mente e state pensando di includere un parco acquatico o una fontana con giochi d\u2019acqua? Noi di VORTEX abbiamo la soluzione e l&#8217;esperienza di cui avete bisogno. Nuovo [&#8230;]<\/p>\n<p><a class=\"btn btn-secondary understrap-read-more-link\" href=\"https:\/\/parques-agua.vortex-intl.com\/it\/avete-un-progetto\/\">Leggi di pi\u00f9&#8230;<span class=\"screen-reader-text\"> from Avete un progetto?<\/span><\/a><\/p>\n","protected":false},"author":2,"featured_media":2613,"parent":0,"menu_order":0,"comment_status":"closed","ping_status":"closed","template":"page-templates\/basic-page.php","meta":{"inline_featured_image":false,"footnotes":""},"class_list":["post-3187","page","type-page","status-publish","has-post-thumbnail","hentry"],"_links":{"self":[{"href":"https:\/\/parques-agua.vortex-intl.com\/it\/wp-json\/wp\/v2\/pages\/3187","targetHints":{"allow":["GET"]}}],"collection":[{"href":"https:\/\/parques-agua.vortex-intl.com\/it\/wp-json\/wp\/v2\/pages"}],"about":[{"href":"https:\/\/parques-agua.vortex-intl.com\/it\/wp-json\/wp\/v2\/types\/page"}],"author":[{"embeddable":true,"href":"https:\/\/parques-agua.vortex-intl.com\/it\/wp-json\/wp\/v2\/users\/2"}],"replies":[{"embeddable":true,"href":"https:\/\/parques-agua.vortex-intl.com\/it\/wp-json\/wp\/v2\/comments?post=3187"}],"version-history":[{"count":14,"href":"https:\/\/parques-agua.vortex-intl.com\/it\/wp-json\/wp\/v2\/pages\/3187\/revisions"}],"predecessor-version":[{"id":3655,"href":"https:\/\/parques-agua.vortex-intl.com\/it\/wp-json\/wp\/v2\/pages\/3187\/revisions\/3655"}],"wp:featuredmedia":[{"embeddable":true,"href":"https:\/\/parques-agua.vortex-intl.com\/it\/wp-json\/wp\/v2\/media\/2613"}],"wp:attachment":[{"href":"https:\/\/parques-agua.vortex-intl.com\/it\/wp-json\/wp\/v2\/media?parent=3187"}],"curies":[{"name":"wp","href":"https:\/\/api.w.org\/{rel}","templated":true}]}}